{"id":1201,"date":"2019-02-12T11:03:52","date_gmt":"2019-02-12T11:03:52","guid":{"rendered":"https:\/\/eden-design.de\/about-us\/"},"modified":"2026-02-04T18:56:55","modified_gmt":"2026-02-04T18:56:55","slug":"about-us","status":"publish","type":"page","link":"https:\/\/eden-design.de\/en\/about-us\/","title":{"rendered":"About us"},"content":{"rendered":"<p>[vc_row overlay_dotted=&#8221;&#8221;][vc_column]<div class=\"xrton-aboutus  xrton-aboutus-69ece21fdb60c\"><div class=\"container\"><div class=\"aboutus-wrap\"><div class=\"row align-items-center\"><div class=\"col-lg-6 order-lg-2\">\n                      <div class=\"about-image\">\n                        <img decoding=\"async\" src=\"https:\/\/eden-design.de\/wp-content\/uploads\/2022\/11\/image.jpeg\" alt=\"About Us\">\n                      <\/div>\n                    <\/div>\n                    <div class=\"col-lg-6 order-lg-1\">\n                      <div class=\"about-info\">\n                        <div class=\"section-title-wrap section-title-style-two\">\n                          <h2 class=\"section-title\">EDEN-DESIGN: Eine Tradition der Exzellenz seit 1969<\/h2>\n                        <\/div>\n                        <p>EDEN-DESIGN ist ein f\u00fchrender Anbieter von hochwertigen Oberfl\u00e4chen und Elementen f\u00fcr zahlreiche Interior & Exterieur Applikationen.\nEden-Design mit Sitz in Iserlohn wurde 1969  gegr\u00fcndet und ist heute international mit seinem Produktportfolio und Fertigungsm\u00f6glichkeiten mit weltweit aktiv.<br><bR>\n\n<\/p>    \n                      <\/div>\n                    <\/div><\/div><\/div><div class=\"aboutus-wrap\"><div class=\"row align-items-center\"><div class=\"col-lg-6\">\n                      <div class=\"about-image\">\n                        <img decoding=\"async\" src=\"https:\/\/eden-design.de\/wp-content\/uploads\/2023\/01\/PS-8461.jpg\" alt=\"About Us\">\n                      <\/div>\n                    <\/div>\n                    <div class=\"col-lg-6\">\n                      <div class=\"about-info\">\n                        <div class=\"section-title-wrap section-title-style-two\">\n                          <h2 class=\"section-title\">Qualit\u00e4t<\/h2>\n                        <\/div>\n                        <p>Als international bekanntes Unternehmen steht Eden-Design f\u00fcr kreative Metall Design Technologie und hohe Qualit\u00e4tsstandards auf Manufakturniveau.<\/p>    \n                      <\/div>\n                    <\/div><\/div><\/div><div class=\"aboutus-wrap\"><div class=\"row align-items-center\"><div class=\"col-lg-6\">\n                      <div class=\"about-image\">\n                        <img decoding=\"async\" src=\"https:\/\/eden-design.de\/wp-content\/uploads\/2022\/09\/IMG_1237-2-1024x768-1.jpg\" alt=\"About Us\">\n                      <\/div>\n                    <\/div>\n                    <div class=\"col-lg-6\">\n                      <div class=\"about-info\">\n                        <div class=\"section-title-wrap section-title-style-two\">\n                          <h2 class=\"section-title\">Design<\/h2>\n                        <\/div>\n                        <p>Klar definierte Prinzipien beim Umgang und der Verarbeitung unserer Materialien gew\u00e4hrleisten die nachhaltige \u00c4sthetik der Metall-Oberfl\u00e4chen, mit denen Eden-Design weltweite Bekanntheit erlangt hat.<\/p>    \n                      <\/div>\n                    <\/div><\/div><\/div><\/div><\/div>[vc_row_inner][vc_column_inner][vc_column_text]<\/p>\n<h2>Our values<\/h2>\n<p>[\/vc_column_text][\/vc_column_inner][\/vc_row_inner][\/vc_column][\/vc_row][vc_row][vc_column width=&#8221;1\/4&#8243;][vc_column_text]<\/p>\n<h4>TRADITION<\/h4>\n<p>Family-run company in the second generation[\/vc_column_text][vc_column_text]<\/p>\n<h4>QUALITY<\/h4>\n<p>Manufacturing work at the highest quality level[\/vc_column_text][\/vc_column][vc_column width=&#8221;1\/4&#8243;][vc_column_text]<\/p>\n<h4>INNOVATION<\/h4>\n<p>Continuous new and further development of decorative surfaces[\/vc_column_text][vc_column_text]<\/p>\n<h4>COST AWARENESS<\/h4>\n<p>Efficient, solution-oriented work and results-oriented action is our goal. Honesty is the cornerstone here.[\/vc_column_text][\/vc_column][vc_column width=&#8221;1\/4&#8243;][vc_column_text]<\/p>\n<h4>TEAM SPIRIT<\/h4>\n<p>dynamically reacting team, family cohesion[\/vc_column_text][vc_column_text]<\/p>\n<h4>SUSTAINABILITY<\/h4>\n<p>Use of materials with 100% recyclability[\/vc_column_text][\/vc_column][vc_column width=&#8221;1\/4&#8243;][vc_column_text]<\/p>\n<h4>SERVICE CONCEPT<\/h4>\n<p>Maximum implementation of customer wishes[\/vc_column_text][\/vc_column][\/vc_row][vc_row overlay_dotted=&#8221;true&#8221; css=&#8221;.vc_custom_1706889966555{padding-top: 40px !important;}&#8221;][vc_column][vc_column_text]<\/p>\n<h2>Certificates<\/h2>\n<p>[\/vc_column_text][\/vc_column][\/vc_row][vc_row][vc_column width=&#8221;1\/3&#8243;][vc_single_image image=&#8221;1354&#8243; img_size=&#8221;medium&#8221; add_caption=&#8221;yes&#8221; style=&#8221;vc_box_border&#8221; onclick=&#8221;custom_link&#8221; img_link_target=&#8221;_blank&#8221; link=&#8221;https:\/\/eden-design.de\/wp-content\/uploads\/2024\/01\/Zertifikat-ISO-9001.pdf&#8221;][\/vc_column][vc_column width=&#8221;1\/3&#8243;][vc_single_image image=&#8221;1352&#8243; img_size=&#8221;medium&#8221; add_caption=&#8221;yes&#8221; style=&#8221;vc_box_border&#8221; onclick=&#8221;custom_link&#8221; img_link_target=&#8221;_blank&#8221; link=&#8221;https:\/\/eden-design.de\/wp-content\/uploads\/2024\/01\/Zertifikat-ISO-14001.pdf&#8221;][\/vc_column][vc_column width=&#8221;1\/3&#8243;][\/vc_column][\/vc_row][vc_row][vc_column][\/vc_column][\/vc_row]<\/p>\n","protected":false},"excerpt":{"rendered":"[vc_row overlay_dotted=&#8221;&#8221;][vc_column][vc_row_inner][vc_column_inner][vc_column_text] Our values [\/vc_column_text][\/vc_column_inner][\/vc_row_inner][\/vc_column][\/vc_row][vc_row][vc_column width=&#8221;1\/4&#8243;][vc_column_text] TRADITION Family-run company in the second generation[\/vc_column_text][vc_column_text] QUALITY Manufacturing work at the highest quality level[\/vc_column_text][\/vc_column][vc_column width=&#8221;1\/4&#8243;][vc_column_text] INNOVATION Continuous new and further development of decorative surfaces[\/vc_column_text][vc_column_text] COST AWARENESS Efficient, solution-oriented work and results-oriented action is our goal. Honesty is the cornerstone here.[\/vc_column_text][\/vc_column][vc_column width=&#8221;1\/4&#8243;][vc_column_text] TEAM SPIRIT dynamically reacting team, family cohesion[\/vc_column_text][vc_column_text] [&#8230;]","protected":false},"author":1,"featured_media":0,"parent":0,"menu_order":0,"comment_status":"closed","ping_status":"closed","template":"","meta":{"footnotes":""},"class_list":["post-1201","page","type-page","status-publish","hentry"],"yoast_head":"<!-- This site is optimized with the Yoast SEO plugin v27.4 - https:\/\/yoast.com\/product\/yoast-seo-wordpress\/ -->\n<title>About EDEN-DESIGN: Your partner for high-quality metal finishing<\/title>\n<meta name=\"description\" content=\"EDEN BRASS specializes in high-quality brass plating. Perfect for decorative applications, furniture, art objects and more. Discover the noble possibilities with EDEN BRASS.\" \/>\n<meta name=\"robots\" content=\"index, follow, max-snippet:-1, max-image-preview:large, max-video-preview:-1\" \/>\n<link rel=\"canonical\" href=\"https:\/\/eden-design.de\/en\/about-us\/\" \/>\n<meta property=\"og:locale\" content=\"en_US\" \/>\n<meta property=\"og:type\" content=\"article\" \/>\n<meta property=\"og:title\" content=\"About EDEN-DESIGN: Your partner for high-quality metal finishing\" \/>\n<meta property=\"og:description\" content=\"EDEN BRASS specializes in high-quality brass plating. Perfect for decorative applications, furniture, art objects and more. Discover the noble possibilities with EDEN BRASS.\" \/>\n<meta property=\"og:url\" content=\"https:\/\/eden-design.de\/en\/about-us\/\" \/>\n<meta property=\"og:site_name\" content=\"Eden Design\" \/>\n<meta property=\"article:publisher\" content=\"https:\/\/www.facebook.com\/EdenDesignMetals\/\" \/>\n<meta property=\"article:modified_time\" content=\"2026-02-04T18:56:55+00:00\" \/>\n<meta name=\"twitter:card\" content=\"summary_large_image\" \/>\n<meta name=\"twitter:label1\" content=\"Est. reading time\" \/>\n\t<meta name=\"twitter:data1\" content=\"2 minutes\" \/>\n<script type=\"application\/ld+json\" class=\"yoast-schema-graph\">{\"@context\":\"https:\\\/\\\/schema.org\",\"@graph\":[{\"@type\":\"WebPage\",\"@id\":\"https:\\\/\\\/eden-design.de\\\/en\\\/about-us\\\/\",\"url\":\"https:\\\/\\\/eden-design.de\\\/en\\\/about-us\\\/\",\"name\":\"About EDEN-DESIGN: Your partner for high-quality metal finishing\",\"isPartOf\":{\"@id\":\"https:\\\/\\\/eden-design.de\\\/#website\"},\"datePublished\":\"2019-02-12T11:03:52+00:00\",\"dateModified\":\"2026-02-04T18:56:55+00:00\",\"description\":\"EDEN BRASS specializes in high-quality brass plating. Perfect for decorative applications, furniture, art objects and more. Discover the noble possibilities with EDEN BRASS.\",\"breadcrumb\":{\"@id\":\"https:\\\/\\\/eden-design.de\\\/en\\\/about-us\\\/#breadcrumb\"},\"inLanguage\":\"en-US\",\"potentialAction\":[{\"@type\":\"ReadAction\",\"target\":[\"https:\\\/\\\/eden-design.de\\\/en\\\/about-us\\\/\"]}]},{\"@type\":\"BreadcrumbList\",\"@id\":\"https:\\\/\\\/eden-design.de\\\/en\\\/about-us\\\/#breadcrumb\",\"itemListElement\":[{\"@type\":\"ListItem\",\"position\":1,\"name\":\"Home page\",\"item\":\"https:\\\/\\\/eden-design.de\\\/en\\\/\"},{\"@type\":\"ListItem\",\"position\":2,\"name\":\"About us\"}]},{\"@type\":\"WebSite\",\"@id\":\"https:\\\/\\\/eden-design.de\\\/#website\",\"url\":\"https:\\\/\\\/eden-design.de\\\/\",\"name\":\"Eden Design GmbH\",\"description\":\"Exclusive Metal Surfaces\",\"publisher\":{\"@id\":\"https:\\\/\\\/eden-design.de\\\/#organization\"},\"potentialAction\":[{\"@type\":\"SearchAction\",\"target\":{\"@type\":\"EntryPoint\",\"urlTemplate\":\"https:\\\/\\\/eden-design.de\\\/?s={search_term_string}\"},\"query-input\":{\"@type\":\"PropertyValueSpecification\",\"valueRequired\":true,\"valueName\":\"search_term_string\"}}],\"inLanguage\":\"en-US\"},{\"@type\":\"Organization\",\"@id\":\"https:\\\/\\\/eden-design.de\\\/#organization\",\"name\":\"Eden Design\",\"url\":\"https:\\\/\\\/eden-design.de\\\/\",\"logo\":{\"@type\":\"ImageObject\",\"inLanguage\":\"en-US\",\"@id\":\"https:\\\/\\\/eden-design.de\\\/#\\\/schema\\\/logo\\\/image\\\/\",\"url\":\"https:\\\/\\\/eden-design.de\\\/wp-content\\\/uploads\\\/2022\\\/11\\\/image.jpeg\",\"contentUrl\":\"https:\\\/\\\/eden-design.de\\\/wp-content\\\/uploads\\\/2022\\\/11\\\/image.jpeg\",\"width\":1536,\"height\":315,\"caption\":\"Eden Design\"},\"image\":{\"@id\":\"https:\\\/\\\/eden-design.de\\\/#\\\/schema\\\/logo\\\/image\\\/\"},\"sameAs\":[\"https:\\\/\\\/www.facebook.com\\\/EdenDesignMetals\\\/\"]}]}<\/script>\n<!-- \/ Yoast SEO plugin. -->","yoast_head_json":{"title":"About EDEN-DESIGN: Your partner for high-quality metal finishing","description":"EDEN BRASS specializes in high-quality brass plating. Perfect for decorative applications, furniture, art objects and more. Discover the noble possibilities with EDEN BRASS.","robots":{"index":"index","follow":"follow","max-snippet":"max-snippet:-1","max-image-preview":"max-image-preview:large","max-video-preview":"max-video-preview:-1"},"canonical":"https:\/\/eden-design.de\/en\/about-us\/","og_locale":"en_US","og_type":"article","og_title":"About EDEN-DESIGN: Your partner for high-quality metal finishing","og_description":"EDEN BRASS specializes in high-quality brass plating. Perfect for decorative applications, furniture, art objects and more. Discover the noble possibilities with EDEN BRASS.","og_url":"https:\/\/eden-design.de\/en\/about-us\/","og_site_name":"Eden Design","article_publisher":"https:\/\/www.facebook.com\/EdenDesignMetals\/","article_modified_time":"2026-02-04T18:56:55+00:00","twitter_card":"summary_large_image","twitter_misc":{"Est. reading time":"2 minutes"},"schema":{"@context":"https:\/\/schema.org","@graph":[{"@type":"WebPage","@id":"https:\/\/eden-design.de\/en\/about-us\/","url":"https:\/\/eden-design.de\/en\/about-us\/","name":"About EDEN-DESIGN: Your partner for high-quality metal finishing","isPartOf":{"@id":"https:\/\/eden-design.de\/#website"},"datePublished":"2019-02-12T11:03:52+00:00","dateModified":"2026-02-04T18:56:55+00:00","description":"EDEN BRASS specializes in high-quality brass plating. Perfect for decorative applications, furniture, art objects and more. Discover the noble possibilities with EDEN BRASS.","breadcrumb":{"@id":"https:\/\/eden-design.de\/en\/about-us\/#breadcrumb"},"inLanguage":"en-US","potentialAction":[{"@type":"ReadAction","target":["https:\/\/eden-design.de\/en\/about-us\/"]}]},{"@type":"BreadcrumbList","@id":"https:\/\/eden-design.de\/en\/about-us\/#breadcrumb","itemListElement":[{"@type":"ListItem","position":1,"name":"Home page","item":"https:\/\/eden-design.de\/en\/"},{"@type":"ListItem","position":2,"name":"About us"}]},{"@type":"WebSite","@id":"https:\/\/eden-design.de\/#website","url":"https:\/\/eden-design.de\/","name":"Eden Design GmbH","description":"Exclusive Metal Surfaces","publisher":{"@id":"https:\/\/eden-design.de\/#organization"},"potentialAction":[{"@type":"SearchAction","target":{"@type":"EntryPoint","urlTemplate":"https:\/\/eden-design.de\/?s={search_term_string}"},"query-input":{"@type":"PropertyValueSpecification","valueRequired":true,"valueName":"search_term_string"}}],"inLanguage":"en-US"},{"@type":"Organization","@id":"https:\/\/eden-design.de\/#organization","name":"Eden Design","url":"https:\/\/eden-design.de\/","logo":{"@type":"ImageObject","inLanguage":"en-US","@id":"https:\/\/eden-design.de\/#\/schema\/logo\/image\/","url":"https:\/\/eden-design.de\/wp-content\/uploads\/2022\/11\/image.jpeg","contentUrl":"https:\/\/eden-design.de\/wp-content\/uploads\/2022\/11\/image.jpeg","width":1536,"height":315,"caption":"Eden Design"},"image":{"@id":"https:\/\/eden-design.de\/#\/schema\/logo\/image\/"},"sameAs":["https:\/\/www.facebook.com\/EdenDesignMetals\/"]}]}},"_links":{"self":[{"href":"https:\/\/eden-design.de\/en\/wp-json\/wp\/v2\/pages\/1201","targetHints":{"allow":["GET"]}}],"collection":[{"href":"https:\/\/eden-design.de\/en\/wp-json\/wp\/v2\/pages"}],"about":[{"href":"https:\/\/eden-design.de\/en\/wp-json\/wp\/v2\/types\/page"}],"author":[{"embeddable":true,"href":"https:\/\/eden-design.de\/en\/wp-json\/wp\/v2\/users\/1"}],"replies":[{"embeddable":true,"href":"https:\/\/eden-design.de\/en\/wp-json\/wp\/v2\/comments?post=1201"}],"version-history":[{"count":25,"href":"https:\/\/eden-design.de\/en\/wp-json\/wp\/v2\/pages\/1201\/revisions"}],"predecessor-version":[{"id":3418,"href":"https:\/\/eden-design.de\/en\/wp-json\/wp\/v2\/pages\/1201\/revisions\/3418"}],"wp:attachment":[{"href":"https:\/\/eden-design.de\/en\/wp-json\/wp\/v2\/media?parent=1201"}],"curies":[{"name":"wp","href":"https:\/\/api.w.org\/{rel}","templated":true}]}}